{"id":307,"date":"2020-01-13T11:17:52","date_gmt":"2020-01-13T11:17:52","guid":{"rendered":"https:\/\/demosites.io\/web-agency-gb\/?page_id=5"},"modified":"2022-11-28T14:43:20","modified_gmt":"2022-11-28T13:43:20","slug":"pbdim-swiecie","status":"publish","type":"page","link":"https:\/\/pbdim.pl\/","title":{"rendered":"PBDIM \u015awiecie"},"content":{"rendered":"\n<div class=\"wp-block-cover alignfull\" style=\"min-height:700px;aspect-ratio:unset;\"><span aria-hidden=\"true\" class=\"wp-block-cover__background has-background-dim-70 has-background-dim\"><\/span><img loading=\"lazy\" decoding=\"async\" width=\"1365\" height=\"700\" class=\"wp-block-cover__image-background wp-image-371\" alt=\"\" src=\"https:\/\/strona.pbdim.pl\/wp-content\/uploads\/2022\/11\/main.jpg\" style=\"object-position:56% 0%\" data-object-fit=\"cover\" data-object-position=\"56% 0%\" srcset=\"https:\/\/pbdim.pl\/wp-content\/uploads\/2022\/11\/main.jpg 1365w, https:\/\/pbdim.pl\/wp-content\/uploads\/2022\/11\/main-300x154.jpg 300w, https:\/\/pbdim.pl\/wp-content\/uploads\/2022\/11\/main-1024x525.jpg 1024w, https:\/\/pbdim.pl\/wp-content\/uploads\/2022\/11\/main-768x394.jpg 768w\" sizes=\"auto, (max-width: 1365px) 100vw, 1365px\" \/><div class=\"wp-block-cover__inner-container is-layout-flow wp-block-cover-is-layout-flow\">\n<div style=\"height:80px\" aria-hidden=\"true\" class=\"wp-block-spacer\"><\/div>\n\n\n\n<h1 class=\"has-text-align-center has-nv-light-bg-color has-text-color wp-block-heading\">Przedsi\u0119biorstwo Budowy <\/h1>\n\n\n\n<h1 class=\"has-text-align-center has-nv-light-bg-color has-text-color wp-block-heading\">Dr\u00f3g i Most\u00f3w<\/h1>\n\n\n\n<p class=\"has-text-align-center has-text-color\" style=\"color:#121212;font-size:17px\"><\/p>\n\n\n\n<div class=\"wp-block-buttons is-horizontal is-content-justification-center is-layout-flex wp-container-core-buttons-is-layout-499968f5 wp-block-buttons-is-layout-flex\">\n<div class=\"wp-block-button is-style-primary\"><a class=\"wp-block-button__link wp-element-button\" href=\"#podstdzial\">DOWIEDZ SI\u0118 WI\u0118CEJ<\/a><\/div>\n\n\n\n\n\n<div class=\"wp-block-button is-style-primary\"><a class=\"wp-block-button__link wp-element-button\" href=\"#kontakt\">SKONTAKTUJ SI\u0118 Z NAMI<\/a><\/div>\n<\/div>\n\n\n\n<div style=\"height:80px\" aria-hidden=\"true\" class=\"wp-block-spacer\"><\/div>\n\n\n\n<div style=\"height:80px\" aria-hidden=\"true\" class=\"wp-block-spacer\"><\/div>\n<\/div><\/div>\n\n\n\n<div id=\"podstdzial\"><\/div>\n\n\n\n<div style=\"height:78px\" aria-hidden=\"true\" class=\"wp-block-spacer\"><\/div>\n\n\n\n<h2 class=\"has-text-align-center wp-block-heading\">Co Nas wyr\u00f3\u017cnia?<\/h2>\n\n\n\n<div style=\"height:80px\" aria-hidden=\"true\" class=\"wp-block-spacer\"><\/div>\n\n\n\n<div class=\"wp-block-columns is-layout-flex wp-container-core-columns-is-layout-9d6595d7 wp-block-columns-is-layout-flex\">\n<div class=\"wp-block-column is-layout-flow wp-block-column-is-layout-flow\"><div class=\"wp-block-image icon-style is-style-rounded\">\n<figure class=\"aligncenter size-full\"><img loading=\"lazy\" decoding=\"async\" width=\"128\" height=\"128\" src=\"https:\/\/pbdim.pl\/wp-content\/uploads\/2022\/03\/eco.png\" alt=\"\" class=\"wp-image-133\" title=\"\"\/><\/figure>\n<\/div>\n\n\n<h3 class=\"has-text-align-center has-neve-text-color-color has-text-color wp-block-heading\">Dbamy o \u015brodowisko<\/h3>\n\n\n\n<p class=\"has-text-align-center\">Dzia\u0142amy na rzecz ochrony \u015brodowiska stosuj\u0105c w naszej dzia\u0142alno\u015bci recycling materia\u0142\u00f3w pochodz\u0105cych z rozbi\u00f3rki dr\u00f3g i konstrukcji betonowych, kt\u00f3re po przetworzeniu zostaj\u0105 ponownie wbudowane.<\/p>\n\n\n\n<div style=\"height:20px\" aria-hidden=\"true\" class=\"wp-block-spacer\"><\/div>\n<\/div>\n\n\n\n<div class=\"wp-block-column is-layout-flow wp-block-column-is-layout-flow\"><div class=\"wp-block-image icon-style is-style-rounded\">\n<figure class=\"aligncenter size-large\"><img decoding=\"async\" src=\"https:\/\/pbdim.pl\/wp-content\/uploads\/2022\/03\/lab.png\" alt=\"\"\/><\/figure>\n<\/div>\n\n\n<h3 class=\"has-text-align-center has-neve-text-color-color has-text-color wp-block-heading\">Posiadamy w\u0142asne laboratorium<\/h3>\n\n\n\n<p class=\"has-text-align-center\">Nad prawid\u0142owym wykonaniem rob\u00f3t drogowych czuwa nasze laboratorium wykonuj\u0105ce badania w zakresie rob\u00f3t ziemnych, bitumicznych i betonowych<\/p>\n\n\n\n<div style=\"height:20px\" aria-hidden=\"true\" class=\"wp-block-spacer\"><\/div>\n<\/div>\n\n\n\n<div class=\"wp-block-column is-layout-flow wp-block-column-is-layout-flow\"><div class=\"wp-block-image icon-style is-style-rounded\">\n<figure class=\"aligncenter size-large\"><img decoding=\"async\" src=\"https:\/\/pbdim.pl\/wp-content\/uploads\/2022\/03\/emp.png\" alt=\"\"\/><\/figure>\n<\/div>\n\n\n<h3 class=\"has-text-align-center has-neve-text-color-color has-text-color wp-block-heading\">Tworzymy zgrany zesp\u00f3\u0142<\/h3>\n\n\n\n<p class=\"has-text-align-center\">Zatrudniamy na sta\u0142e ponad 100 pracownik\u00f3w, w sezonie liczba ta znacznie si\u0119 zwi\u0119ksza. Nasze jednostki wykonawcze znajduj\u0105 si\u0119 w Koz\u0142owie i Grudzi\u0105dzu. \u015awiadczymy kompleksowe us\u0142ugi w zakresie budowy i remont\u00f3w dr\u00f3g.<\/p>\n\n\n\n<div style=\"height:20px\" aria-hidden=\"true\" class=\"wp-block-spacer\"><\/div>\n<\/div>\n<\/div>\n\n\n\n<div style=\"height:39px\" aria-hidden=\"true\" class=\"wp-block-spacer\"><\/div>\n\n\n\n<div class=\"wp-block-cover alignfull ticss-303f016a\" style=\"min-height:300px;aspect-ratio:unset;\"><span aria-hidden=\"true\" class=\"wp-block-cover__background has-nv-dark-bg-background-color has-background-dim-100 has-background-dim\"><\/span><div class=\"wp-block-cover__inner-container is-layout-flow wp-block-cover-is-layout-flow\">\n<div style=\"height:81px\" aria-hidden=\"true\" class=\"wp-block-spacer\"><\/div>\n\n\n\n<h2 class=\"has-text-align-center ticss-66c0d7ce has-nv-text-dark-bg-color has-text-color wp-block-heading\">Podstawowa dzia\u0142alno\u015b\u0107<\/h2>\n\n\n\n<section id=\"wp-block-themeisle-blocks-advanced-columns-e0e1ab2e\" class=\"wp-block-themeisle-blocks-advanced-columns alignfull has-1-columns has-desktop-equal-layout has-tablet-equal-layout has-mobile-collapsedRows-layout has-vertical-flex-start ticss-7b5eb70a\"><div class=\"wp-block-themeisle-blocks-advanced-columns-overlay\"><\/div><div class=\"innerblocks-wrap\">\n<div id=\"wp-block-themeisle-blocks-advanced-column-2489d76c\" class=\"wp-block-themeisle-blocks-advanced-column\">\n<div id=\"wp-block-themeisle-blocks-icon-list-fb8b7e9c\" class=\"wp-block-themeisle-blocks-icon-list\">\n<div id=\"wp-block-themeisle-blocks-icon-list-item-16f673f9\" class=\"wp-block-themeisle-blocks-icon-list-item\"><i class=\"fas fa-angle-right wp-block-themeisle-blocks-icon-list-item-icon\"><\/i><p class=\"wp-block-themeisle-blocks-icon-list-item-content\">\u00a0Projektowanie, nadzorowanie, ocena stanu technicznego dr\u00f3g i most\u00f3w<\/p><\/div>\n\n\n\n<div id=\"wp-block-themeisle-blocks-icon-list-item-2e103343\" class=\"wp-block-themeisle-blocks-icon-list-item\"><i class=\"fas fa-angle-right wp-block-themeisle-blocks-icon-list-item-icon\"><\/i><p class=\"wp-block-themeisle-blocks-icon-list-item-content\">Us\u0142ugi remontowe maszyn budowlanych i drogowych<\/p><\/div>\n\n\n\n<div id=\"wp-block-themeisle-blocks-icon-list-item-78a49dfc\" class=\"wp-block-themeisle-blocks-icon-list-item\"><i class=\"fas fa-angle-right wp-block-themeisle-blocks-icon-list-item-icon\"><\/i><p class=\"wp-block-themeisle-blocks-icon-list-item-content\">Budowa i modernizacja dr\u00f3g, ulic i most\u00f3w<\/p><\/div>\n\n\n\n<div id=\"wp-block-themeisle-blocks-icon-list-item-7273c20a\" class=\"wp-block-themeisle-blocks-icon-list-item\"><i class=\"fas fa-angle-right wp-block-themeisle-blocks-icon-list-item-icon\"><\/i><p class=\"wp-block-themeisle-blocks-icon-list-item-content\">Produkcja i sprzeda\u017c emulsji asfaltowych<\/p><\/div>\n\n\n\n<div id=\"wp-block-themeisle-blocks-icon-list-item-f341b063\" class=\"wp-block-themeisle-blocks-icon-list-item\"><i class=\"fas fa-angle-right wp-block-themeisle-blocks-icon-list-item-icon\"><\/i><p class=\"wp-block-themeisle-blocks-icon-list-item-content\">Produkcja i sprzeda\u017c mas bitumicznych<\/p><\/div>\n\n\n\n<div id=\"wp-block-themeisle-blocks-icon-list-item-c437048d\" class=\"wp-block-themeisle-blocks-icon-list-item\"><i class=\"fas fa-angle-right wp-block-themeisle-blocks-icon-list-item-icon\"><\/i><p class=\"wp-block-themeisle-blocks-icon-list-item-content\">Produkcja i sprzeda\u017c beton\u00f3w<\/p><\/div>\n\n\n\n<div id=\"wp-block-themeisle-blocks-icon-list-item-e9c7ff6a\" class=\"wp-block-themeisle-blocks-icon-list-item\"><i class=\"fas fa-angle-right wp-block-themeisle-blocks-icon-list-item-icon\"><\/i><p class=\"wp-block-themeisle-blocks-icon-list-item-content\">Remonty cz\u0105stkowe nawierzchni<\/p><\/div>\n\n\n\n<div id=\"wp-block-themeisle-blocks-icon-list-item-77c548c8\" class=\"wp-block-themeisle-blocks-icon-list-item\"><i class=\"fas fa-angle-right wp-block-themeisle-blocks-icon-list-item-icon\"><\/i><p class=\"wp-block-themeisle-blocks-icon-list-item-content\">\u00a0Us\u0142ugi sprz\u0119towe i transportowe<\/p><\/div>\n\n\n\n<div id=\"wp-block-themeisle-blocks-icon-list-item-26182055\" class=\"wp-block-themeisle-blocks-icon-list-item\"><i class=\"fas fa-angle-right wp-block-themeisle-blocks-icon-list-item-icon\"><\/i><p class=\"wp-block-themeisle-blocks-icon-list-item-content\">Zimowe utrzymanie dr\u00f3g<\/p><\/div>\n<\/div>\n\n\n\n<div style=\"height:24px\" aria-hidden=\"true\" class=\"wp-block-spacer\"><\/div>\n\n\n\n<div class=\"wp-block-buttons is-vertical is-content-justification-center is-layout-flex wp-container-core-buttons-is-layout-cc3cdef1 wp-block-buttons-is-layout-flex\">\n<div class=\"wp-block-button has-custom-width wp-block-button__width-100 is-style-primary\"><a class=\"wp-block-button__link wp-element-button\" href=\"#wiecej1\">CZYTAJ DALEJ <\/a><\/div>\n<\/div>\n<\/div>\n<\/div><\/section>\n\n\n\n<p class=\"has-text-align-center\"><\/p>\n\n\n\n<div style=\"height:39px\" aria-hidden=\"true\" class=\"wp-block-spacer\"><\/div>\n<\/div><\/div>\n\n\n\n<div class=\"wp-block-cover alignfull\" style=\"min-height:600px;aspect-ratio:unset;\"><span aria-hidden=\"true\" class=\"wp-block-cover__background has-nv-light-bg-background-color has-background-dim-100 has-background-dim\"><\/span><div class=\"wp-block-cover__inner-container is-layout-flow wp-block-cover-is-layout-flow\">\n<div class=\"wp-block-group\"><div class=\"wp-block-group__inner-container is-layout-flow wp-block-group-is-layout-flow\">\n<div id=\"wiecej1\"><\/div>\n\n\n\n<div style=\"height:80px\" aria-hidden=\"true\" class=\"wp-block-spacer\"><\/div>\n\n\n\n<div class=\"wp-block-columns are-vertically-aligned-center is-layout-flex wp-container-core-columns-is-layout-9d6595d7 wp-block-columns-is-layout-flex\">\n<div class=\"wp-block-column is-vertically-aligned-center is-layout-flow wp-block-column-is-layout-flow\" style=\"flex-basis:50%\">\n<figure class=\"wp-block-image size-large\"><img decoding=\"async\" src=\"https:\/\/pbdim.pl\/wp-content\/uploads\/2022\/11\/533.jpg\" alt=\"\"\/><\/figure>\n<\/div>\n\n\n\n<div class=\"wp-block-column is-vertically-aligned-center is-layout-flow wp-block-column-is-layout-flow\" style=\"flex-basis:50%\">\n<div style=\"height:20px\" aria-hidden=\"true\" class=\"wp-block-spacer\"><\/div>\n\n\n\n<h2 class=\"has-text-align-left has-neve-text-color-color has-text-color wp-block-heading\">Produkcja<\/h2>\n\n\n\n<p class=\"has-text-align-left has-neve-text-color-color has-text-color\" style=\"font-size:17px\">Produkujemy betony, kationowe emulsje asfaltowe oraz beton asfaltowy na gor\u0105co na wszystkie warstwy konstrukcyjne nawierzchni.<\/p>\n\n\n\n<div class=\"wp-block-buttons is-horizontal is-content-justification-left is-layout-flex wp-container-core-buttons-is-layout-7e5fce0a wp-block-buttons-is-layout-flex\">\n<div class=\"wp-block-button is-style-primary\"><a class=\"wp-block-button__link wp-element-button\" href=\"https:\/\/pbdim.pl\/?page_id=93\">DOWIEDZ SI\u0118 WI\u0118CEJ<\/a><\/div>\n<\/div>\n<\/div>\n<\/div>\n\n\n\n<div style=\"height:40px\" aria-hidden=\"true\" class=\"wp-block-spacer\"><\/div>\n<\/div><\/div>\n<\/div><\/div>\n\n\n\n<div class=\"wp-block-cover alignfull\" style=\"min-height:600px;aspect-ratio:unset;\"><span aria-hidden=\"true\" class=\"wp-block-cover__background has-nv-site-bg-background-color has-background-dim-100 has-background-dim\"><\/span><div class=\"wp-block-cover__inner-container is-layout-flow wp-block-cover-is-layout-flow\">\n<div class=\"wp-block-group\"><div class=\"wp-block-group__inner-container is-layout-flow wp-block-group-is-layout-flow\">\n<div style=\"height:80px\" aria-hidden=\"true\" class=\"wp-block-spacer\"><\/div>\n\n\n\n<div class=\"wp-block-columns are-vertically-aligned-center is-layout-flex wp-container-core-columns-is-layout-9d6595d7 wp-block-columns-is-layout-flex\">\n<div class=\"wp-block-column is-vertically-aligned-center is-layout-flow wp-block-column-is-layout-flow\" style=\"flex-basis:50%\">\n<h2 class=\"has-text-align-left has-neve-text-color-color has-text-color wp-block-heading\">Us\u0142ugi<\/h2>\n\n\n\n<p class=\"has-text-align-left has-neve-text-color-color has-text-color\" style=\"font-size:17px\">Szeroka gama sprz\u0119tu budowlanego oraz transportowego wraz z wysoko wykwalifikowan\u0105 i do\u015bwiadczon\u0105 kadr\u0105, pozwala nam na realizacj\u0119 wszelkich zada\u0144 drogowych zar\u00f3wno na potrzeby w\u0142asne jak i naszych klient\u00f3w. Oferujemy us\u0142ugi w zakresie prac ziemnych, prac drogowych i transportu.<\/p>\n\n\n\n<div class=\"wp-block-buttons is-horizontal is-content-justification-left is-layout-flex wp-container-core-buttons-is-layout-7e5fce0a wp-block-buttons-is-layout-flex\">\n<div class=\"wp-block-button is-style-primary\"><a class=\"wp-block-button__link wp-element-button\" href=\"https:\/\/pbdim.pl\/?page_id=94\">DOWIEDZ SI\u0118 WI\u0118CEJ<\/a><\/div>\n<\/div>\n\n\n\n<div style=\"height:40px\" aria-hidden=\"true\" class=\"wp-block-spacer\"><\/div>\n<\/div>\n\n\n\n<div class=\"wp-block-column is-vertically-aligned-center is-layout-flow wp-block-column-is-layout-flow\" style=\"flex-basis:50%\">\n<figure class=\"wp-block-image size-large\"><img loading=\"lazy\" decoding=\"async\" width=\"1024\" height=\"768\" src=\"https:\/\/pbdim.pl\/wp-content\/uploads\/2022\/11\/plac-1024x768.jpg\" alt=\"\" class=\"wp-image-506\" srcset=\"https:\/\/pbdim.pl\/wp-content\/uploads\/2022\/11\/plac-1024x768.jpg 1024w, https:\/\/pbdim.pl\/wp-content\/uploads\/2022\/11\/plac-300x225.jpg 300w, https:\/\/pbdim.pl\/wp-content\/uploads\/2022\/11\/plac-768x576.jpg 768w, https:\/\/pbdim.pl\/wp-content\/uploads\/2022\/11\/plac.jpg 1333w\" sizes=\"auto, (max-width: 1024px) 100vw, 1024px\" \/><\/figure>\n<\/div>\n<\/div>\n\n\n\n<div style=\"height:40px\" aria-hidden=\"true\" class=\"wp-block-spacer\"><\/div>\n<\/div><\/div>\n<\/div><\/div>\n\n\n\n<div class=\"wp-block-cover alignfull\" style=\"min-height:600px;aspect-ratio:unset;\"><span aria-hidden=\"true\" class=\"wp-block-cover__background has-nv-dark-bg-background-color has-background-dim-100 has-background-dim\"><\/span><div class=\"wp-block-cover__inner-container is-layout-flow wp-block-cover-is-layout-flow\">\n<div class=\"wp-block-group\"><div class=\"wp-block-group__inner-container is-layout-flow wp-block-group-is-layout-flow\">\n<div id=\"kontakt\"><\/div>\n\n\n\n<div style=\"height:80px\" aria-hidden=\"true\" class=\"wp-block-spacer\"><\/div>\n\n\n\n<div class=\"wp-block-columns are-vertically-aligned-center is-layout-flex wp-container-core-columns-is-layout-9d6595d7 wp-block-columns-is-layout-flex\">\n<div class=\"wp-block-column is-vertically-aligned-center ticss-681c6430 is-layout-flow wp-block-column-is-layout-flow\" style=\"flex-basis:80%\">\n<div style=\"height:40px\" aria-hidden=\"true\" class=\"wp-block-spacer\"><\/div>\n\n\n\n<h2 class=\"has-text-align-left has-nv-text-dark-bg-color has-text-color wp-block-heading\">Skontaktuj si\u0119 z Nami<\/h2>\n\n\n\n<h4 class=\"wp-block-heading\">DANE FIRMY:<\/h4>\n\n\n\n<p>NIP 559-17-00-297<br>REGON 092359927<\/p>\n\n\n\n<p>KONTO BANKOWE: <br>PKO BP SA<br>33 1020 5011 0000 9302 0237 2662<\/p>\n\n\n\n<h4 class=\"wp-block-heading\">ZNAJDZIESZ NAS TUTAJ:<\/h4>\n\n\n\n<p>Koz\u0142owo 8A<br>86-105 \u015awiecie<\/p>\n\n\n\n<div class=\"wp-block-buttons is-layout-flex wp-block-buttons-is-layout-flex\">\n<div class=\"wp-block-button\"><a class=\"wp-block-button__link wp-element-button\" href=\"https:\/\/www.google.com\/maps\/place\/Przedsi%C4%99biorstwo+Budowy+Dr%C3%B3g+i+Most%C3%B3w+Sp%C3%B3%C5%82ka+z+o.o.\/@53.4189065,18.3862157,17z\/data=!3m1!4b1!4m5!3m4!1s0x4702def532417f7d:0x192434c42547dec6!8m2!3d53.4188995!4d18.3884175\" target=\"_blank\" rel=\"noreferrer noopener\">URUCHOM NAWIGACJ\u0118<\/a><\/div>\n<\/div>\n\n\n\n<div style=\"height:30px\" aria-hidden=\"true\" class=\"wp-block-spacer\"><\/div>\n\n\n\n<h4 class=\"wp-block-heading\">DANE KONTAKTOWE:<\/h4>\n\n\n\n<p>tel. +48 781 771 700<br>e-mail:&nbsp;<a href=\"mailto:sekretariat@pbdim.pl\">sekretariat@pbdim.pl<\/a><\/p>\n\n\n\n<div class=\"wp-block-buttons is-layout-flex wp-block-buttons-is-layout-flex\">\n<div class=\"wp-block-button\"><a class=\"wp-block-button__link wp-element-button\" href=\"https:\/\/pbdim.pl\/?page_id=96\">POKA\u017b DANE KONTAKTOWE DZIA\u0141\u00d3W<\/a><\/div>\n<\/div>\n\n\n\n<div class=\"wp-block-buttons is-horizontal is-content-justification-left is-layout-flex wp-container-core-buttons-is-layout-7e5fce0a wp-block-buttons-is-layout-flex\"><\/div>\n<\/div>\n<\/div>\n\n\n\n<div style=\"height:50px\" aria-hidden=\"true\" class=\"wp-block-spacer\"><\/div>\n<\/div><\/div>\n<\/div><\/div>\n","protected":false},"excerpt":{"rendered":"<p>Co Nas wyr\u00f3\u017cnia? Dbamy o \u015brodowisko Dzia\u0142amy na rzecz ochrony \u015brodowiska stosuj\u0105c w naszej dzia\u0142alno\u015bci recycling materia\u0142\u00f3w pochodz\u0105cych z rozbi\u00f3rki dr\u00f3g i konstrukcji betonowych, kt\u00f3re po przetworzeniu zostaj\u0105 ponownie wbudowane. Posiadamy w\u0142asne laboratorium Nad prawid\u0142owym wykonaniem rob\u00f3t drogowych czuwa nasze laboratorium wykonuj\u0105ce badania w zakresie rob\u00f3t ziemnych, bitumicznych i betonowych Tworzymy zgrany zesp\u00f3\u0142 Zatrudniamy na&hellip;&nbsp;<a href=\"https:\/\/pbdim.pl\/\" rel=\"bookmark\">Dowiedz si\u0119 wi\u0119cej &raquo;<span class=\"screen-reader-text\">PBDIM \u015awiecie<\/span><\/a><\/p>\n","protected":false},"author":1,"featured_media":0,"parent":0,"menu_order":0,"comment_status":"closed","ping_status":"closed","template":"","meta":{"neve_meta_sidebar":"default","neve_meta_container":"default","neve_meta_enable_content_width":"on","neve_meta_content_width":100,"neve_meta_title_alignment":"","neve_meta_author_avatar":"","neve_post_elements_order":"","neve_meta_disable_header":"","neve_meta_disable_footer":"","neve_meta_disable_title":"on","_themeisle_gutenberg_block_has_review":false,"footnotes":""},"class_list":["post-307","page","type-page","status-publish","hentry"],"yoast_head":"<!-- This site is optimized with the Yoast SEO plugin v27.5 - https:\/\/yoast.com\/product\/yoast-seo-wordpress\/ -->\n<title>PBDIM \u015awiecie - PBDiM \u015awiecie<\/title>\n<meta name=\"description\" content=\"Oficjalna strona Przedsi\u0119biorstwa Dr\u00f3g i Most\u00f3w w \u015awieciu - Oddzia\u0142 Koz\u0142owo\" \/>\n<meta name=\"robots\" content=\"index, follow, max-snippet:-1, max-image-preview:large, max-video-preview:-1\" \/>\n<link rel=\"canonical\" href=\"https:\/\/pbdim.pl\/\" \/>\n<meta property=\"og:locale\" content=\"pl_PL\" \/>\n<meta property=\"og:type\" content=\"article\" \/>\n<meta property=\"og:title\" content=\"PBDIM \u015awiecie - PBDiM \u015awiecie\" \/>\n<meta property=\"og:description\" content=\"Oficjalna strona Przedsi\u0119biorstwa Dr\u00f3g i Most\u00f3w w \u015awieciu - Oddzia\u0142 Koz\u0142owo\" \/>\n<meta property=\"og:url\" content=\"https:\/\/pbdim.pl\/\" \/>\n<meta property=\"og:site_name\" content=\"PBDiM \u015awiecie\" \/>\n<meta property=\"article:modified_time\" content=\"2022-11-28T13:43:20+00:00\" \/>\n<meta property=\"og:image\" content=\"https:\/\/strona.pbdim.pl\/wp-content\/uploads\/2022\/11\/main.jpg\" \/>\n<meta name=\"twitter:card\" content=\"summary_large_image\" \/>\n<meta name=\"twitter:label1\" content=\"Szacowany czas czytania\" \/>\n\t<meta name=\"twitter:data1\" content=\"3 minuty\" \/>\n<script type=\"application\/ld+json\" class=\"yoast-schema-graph\">{\"@context\":\"https:\\\/\\\/schema.org\",\"@graph\":[{\"@type\":\"WebPage\",\"@id\":\"https:\\\/\\\/pbdim.pl\\\/\",\"url\":\"https:\\\/\\\/pbdim.pl\\\/\",\"name\":\"PBDIM \u015awiecie - PBDiM \u015awiecie\",\"isPartOf\":{\"@id\":\"https:\\\/\\\/pbdim.pl\\\/#website\"},\"primaryImageOfPage\":{\"@id\":\"https:\\\/\\\/pbdim.pl\\\/#primaryimage\"},\"image\":{\"@id\":\"https:\\\/\\\/pbdim.pl\\\/#primaryimage\"},\"thumbnailUrl\":\"https:\\\/\\\/strona.pbdim.pl\\\/wp-content\\\/uploads\\\/2022\\\/11\\\/main.jpg\",\"datePublished\":\"2020-01-13T11:17:52+00:00\",\"dateModified\":\"2022-11-28T13:43:20+00:00\",\"description\":\"Oficjalna strona Przedsi\u0119biorstwa Dr\u00f3g i Most\u00f3w w \u015awieciu - Oddzia\u0142 Koz\u0142owo\",\"breadcrumb\":{\"@id\":\"https:\\\/\\\/pbdim.pl\\\/#breadcrumb\"},\"inLanguage\":\"pl-PL\",\"potentialAction\":[{\"@type\":\"ReadAction\",\"target\":[\"https:\\\/\\\/pbdim.pl\\\/\"]}]},{\"@type\":\"ImageObject\",\"inLanguage\":\"pl-PL\",\"@id\":\"https:\\\/\\\/pbdim.pl\\\/#primaryimage\",\"url\":\"https:\\\/\\\/strona.pbdim.pl\\\/wp-content\\\/uploads\\\/2022\\\/11\\\/main.jpg\",\"contentUrl\":\"https:\\\/\\\/strona.pbdim.pl\\\/wp-content\\\/uploads\\\/2022\\\/11\\\/main.jpg\"},{\"@type\":\"BreadcrumbList\",\"@id\":\"https:\\\/\\\/pbdim.pl\\\/#breadcrumb\",\"itemListElement\":[{\"@type\":\"ListItem\",\"position\":1,\"name\":\"Home\",\"item\":\"https:\\\/\\\/pbdim.pl\\\/\"},{\"@type\":\"ListItem\",\"position\":2,\"name\":\"PBDIM \u015awiecie\"}]},{\"@type\":\"WebSite\",\"@id\":\"https:\\\/\\\/pbdim.pl\\\/#website\",\"url\":\"https:\\\/\\\/pbdim.pl\\\/\",\"name\":\"PBDiM \u015awiecie\",\"description\":\"Przedsi\u0119biorstwo Budowy Dr\u00f3g i Most\u00f3w \u015awiecie\",\"publisher\":{\"@id\":\"https:\\\/\\\/pbdim.pl\\\/#organization\"},\"potentialAction\":[{\"@type\":\"SearchAction\",\"target\":{\"@type\":\"EntryPoint\",\"urlTemplate\":\"https:\\\/\\\/pbdim.pl\\\/?s={search_term_string}\"},\"query-input\":{\"@type\":\"PropertyValueSpecification\",\"valueRequired\":true,\"valueName\":\"search_term_string\"}}],\"inLanguage\":\"pl-PL\"},{\"@type\":\"Organization\",\"@id\":\"https:\\\/\\\/pbdim.pl\\\/#organization\",\"name\":\"PBDiM \u015awiecie\",\"url\":\"https:\\\/\\\/pbdim.pl\\\/\",\"logo\":{\"@type\":\"ImageObject\",\"inLanguage\":\"pl-PL\",\"@id\":\"https:\\\/\\\/pbdim.pl\\\/#\\\/schema\\\/logo\\\/image\\\/\",\"url\":\"\",\"contentUrl\":\"\",\"caption\":\"PBDiM \u015awiecie\"},\"image\":{\"@id\":\"https:\\\/\\\/pbdim.pl\\\/#\\\/schema\\\/logo\\\/image\\\/\"}}]}<\/script>\n<!-- \/ Yoast SEO plugin. -->","yoast_head_json":{"title":"PBDIM \u015awiecie - PBDiM \u015awiecie","description":"Oficjalna strona Przedsi\u0119biorstwa Dr\u00f3g i Most\u00f3w w \u015awieciu - Oddzia\u0142 Koz\u0142owo","robots":{"index":"index","follow":"follow","max-snippet":"max-snippet:-1","max-image-preview":"max-image-preview:large","max-video-preview":"max-video-preview:-1"},"canonical":"https:\/\/pbdim.pl\/","og_locale":"pl_PL","og_type":"article","og_title":"PBDIM \u015awiecie - PBDiM \u015awiecie","og_description":"Oficjalna strona Przedsi\u0119biorstwa Dr\u00f3g i Most\u00f3w w \u015awieciu - Oddzia\u0142 Koz\u0142owo","og_url":"https:\/\/pbdim.pl\/","og_site_name":"PBDiM \u015awiecie","article_modified_time":"2022-11-28T13:43:20+00:00","og_image":[{"url":"https:\/\/strona.pbdim.pl\/wp-content\/uploads\/2022\/11\/main.jpg","type":"","width":"","height":""}],"twitter_card":"summary_large_image","twitter_misc":{"Szacowany czas czytania":"3 minuty"},"schema":{"@context":"https:\/\/schema.org","@graph":[{"@type":"WebPage","@id":"https:\/\/pbdim.pl\/","url":"https:\/\/pbdim.pl\/","name":"PBDIM \u015awiecie - PBDiM \u015awiecie","isPartOf":{"@id":"https:\/\/pbdim.pl\/#website"},"primaryImageOfPage":{"@id":"https:\/\/pbdim.pl\/#primaryimage"},"image":{"@id":"https:\/\/pbdim.pl\/#primaryimage"},"thumbnailUrl":"https:\/\/strona.pbdim.pl\/wp-content\/uploads\/2022\/11\/main.jpg","datePublished":"2020-01-13T11:17:52+00:00","dateModified":"2022-11-28T13:43:20+00:00","description":"Oficjalna strona Przedsi\u0119biorstwa Dr\u00f3g i Most\u00f3w w \u015awieciu - Oddzia\u0142 Koz\u0142owo","breadcrumb":{"@id":"https:\/\/pbdim.pl\/#breadcrumb"},"inLanguage":"pl-PL","potentialAction":[{"@type":"ReadAction","target":["https:\/\/pbdim.pl\/"]}]},{"@type":"ImageObject","inLanguage":"pl-PL","@id":"https:\/\/pbdim.pl\/#primaryimage","url":"https:\/\/strona.pbdim.pl\/wp-content\/uploads\/2022\/11\/main.jpg","contentUrl":"https:\/\/strona.pbdim.pl\/wp-content\/uploads\/2022\/11\/main.jpg"},{"@type":"BreadcrumbList","@id":"https:\/\/pbdim.pl\/#breadcrumb","itemListElement":[{"@type":"ListItem","position":1,"name":"Home","item":"https:\/\/pbdim.pl\/"},{"@type":"ListItem","position":2,"name":"PBDIM \u015awiecie"}]},{"@type":"WebSite","@id":"https:\/\/pbdim.pl\/#website","url":"https:\/\/pbdim.pl\/","name":"PBDiM \u015awiecie","description":"Przedsi\u0119biorstwo Budowy Dr\u00f3g i Most\u00f3w \u015awiecie","publisher":{"@id":"https:\/\/pbdim.pl\/#organization"},"potentialAction":[{"@type":"SearchAction","target":{"@type":"EntryPoint","urlTemplate":"https:\/\/pbdim.pl\/?s={search_term_string}"},"query-input":{"@type":"PropertyValueSpecification","valueRequired":true,"valueName":"search_term_string"}}],"inLanguage":"pl-PL"},{"@type":"Organization","@id":"https:\/\/pbdim.pl\/#organization","name":"PBDiM \u015awiecie","url":"https:\/\/pbdim.pl\/","logo":{"@type":"ImageObject","inLanguage":"pl-PL","@id":"https:\/\/pbdim.pl\/#\/schema\/logo\/image\/","url":"","contentUrl":"","caption":"PBDiM \u015awiecie"},"image":{"@id":"https:\/\/pbdim.pl\/#\/schema\/logo\/image\/"}}]}},"_links":{"self":[{"href":"https:\/\/pbdim.pl\/index.php?rest_route=\/wp\/v2\/pages\/307","targetHints":{"allow":["GET"]}}],"collection":[{"href":"https:\/\/pbdim.pl\/index.php?rest_route=\/wp\/v2\/pages"}],"about":[{"href":"https:\/\/pbdim.pl\/index.php?rest_route=\/wp\/v2\/types\/page"}],"author":[{"embeddable":true,"href":"https:\/\/pbdim.pl\/index.php?rest_route=\/wp\/v2\/users\/1"}],"replies":[{"embeddable":true,"href":"https:\/\/pbdim.pl\/index.php?rest_route=%2Fwp%2Fv2%2Fcomments&post=307"}],"version-history":[{"count":50,"href":"https:\/\/pbdim.pl\/index.php?rest_route=\/wp\/v2\/pages\/307\/revisions"}],"predecessor-version":[{"id":507,"href":"https:\/\/pbdim.pl\/index.php?rest_route=\/wp\/v2\/pages\/307\/revisions\/507"}],"wp:attachment":[{"href":"https:\/\/pbdim.pl\/index.php?rest_route=%2Fwp%2Fv2%2Fmedia&parent=307"}],"curies":[{"name":"wp","href":"https:\/\/api.w.org\/{rel}","templated":true}]}}