{"id":93,"date":"2022-03-05T15:39:47","date_gmt":"2022-03-05T14:39:47","guid":{"rendered":"https:\/\/strona.pbdim.pl\/?page_id=93"},"modified":"2022-11-15T11:09:50","modified_gmt":"2022-11-15T10:09:50","slug":"produkcja","status":"publish","type":"page","link":"https:\/\/pbdim.pl\/?page_id=93","title":{"rendered":"Produkcja"},"content":{"rendered":"\n<p><\/p>\n\n\n\n<div id=\"wp-block-themeisle-blocks-advanced-columns-dfd643f3\" class=\"wp-block-themeisle-blocks-advanced-columns alignfull has-3-columns has-desktop-equal-layout has-tablet-equal-layout has-mobile-collapsedRows-layout has-reverse-columns-mobile has-vertical-center ticss-c00aadba\"><div class=\"wp-block-themeisle-blocks-advanced-columns-overlay\"><\/div><div class=\"innerblocks-wrap\">\n<div id=\"wp-block-themeisle-blocks-advanced-column-127ec10e\" class=\"wp-block-themeisle-blocks-advanced-column\">\n<div class=\"wp-block-cover is-light\"><span aria-hidden=\"true\" class=\"wp-block-cover__background has-background-dim\"><\/span><img loading=\"lazy\" decoding=\"async\" width=\"875\" height=\"583\" class=\"wp-block-cover__image-background wp-image-431\" alt=\"\" src=\"https:\/\/strona.pbdim.pl\/wp-content\/uploads\/2022\/11\/mma.png\" data-object-fit=\"cover\" srcset=\"https:\/\/pbdim.pl\/wp-content\/uploads\/2022\/11\/mma.png 875w, https:\/\/pbdim.pl\/wp-content\/uploads\/2022\/11\/mma-300x200.png 300w, https:\/\/pbdim.pl\/wp-content\/uploads\/2022\/11\/mma-768x512.png 768w\" sizes=\"auto, (max-width: 875px) 100vw, 875px\" \/><div class=\"wp-block-cover__inner-container is-layout-flow wp-block-cover-is-layout-flow\">\n<h2 class=\"has-text-align-center has-white-color has-text-color wp-block-heading\" id=\"people\">Produkcja MMA<\/h2>\n\n\n\n<div class=\"wp-block-buttons is-content-justification-center is-layout-flex wp-container-core-buttons-is-layout-16018d1d wp-block-buttons-is-layout-flex\">\n<div class=\"wp-block-button is-style-primary\"><a class=\"wp-block-button__link wp-element-button\" href=\"#mma\">Dowiedz si\u0119 wi\u0119cej<\/a><\/div>\n<\/div>\n<\/div><\/div>\n<\/div>\n\n\n\n<div id=\"wp-block-themeisle-blocks-advanced-column-eefb8312\" class=\"wp-block-themeisle-blocks-advanced-column\">\n<div class=\"wp-block-cover is-light\"><span aria-hidden=\"true\" class=\"wp-block-cover__background has-background-dim\"><\/span><img loading=\"lazy\" decoding=\"async\" width=\"352\" height=\"180\" class=\"wp-block-cover__image-background wp-image-432\" alt=\"\" src=\"https:\/\/strona.pbdim.pl\/wp-content\/uploads\/2022\/11\/keu.jpg\" data-object-fit=\"cover\" srcset=\"https:\/\/pbdim.pl\/wp-content\/uploads\/2022\/11\/keu.jpg 352w, https:\/\/pbdim.pl\/wp-content\/uploads\/2022\/11\/keu-300x153.jpg 300w\" sizes=\"auto, (max-width: 352px) 100vw, 352px\" \/><div class=\"wp-block-cover__inner-container is-layout-flow wp-block-cover-is-layout-flow\">\n<h2 class=\"has-text-align-center has-white-color has-text-color wp-block-heading\" id=\"buildings\">Kationowe emulsje asfaltowe<\/h2>\n\n\n\n<div class=\"wp-block-buttons is-content-justification-center is-layout-flex wp-container-core-buttons-is-layout-16018d1d wp-block-buttons-is-layout-flex\">\n<div class=\"wp-block-button is-style-primary\"><a class=\"wp-block-button__link wp-element-button\" href=\"#emulsje\">Dowiedz si\u0119 wi\u0119cej<\/a><\/div>\n<\/div>\n<\/div><\/div>\n<\/div>\n\n\n\n<div id=\"wp-block-themeisle-blocks-advanced-column-9136d16a\" class=\"wp-block-themeisle-blocks-advanced-column\">\n<div class=\"wp-block-cover is-light\"><span aria-hidden=\"true\" class=\"wp-block-cover__background has-background-dim\"><\/span><img loading=\"lazy\" decoding=\"async\" width=\"692\" height=\"386\" class=\"wp-block-cover__image-background wp-image-433\" alt=\"\" src=\"https:\/\/strona.pbdim.pl\/wp-content\/uploads\/2022\/11\/beton.png\" data-object-fit=\"cover\" srcset=\"https:\/\/pbdim.pl\/wp-content\/uploads\/2022\/11\/beton.png 692w, https:\/\/pbdim.pl\/wp-content\/uploads\/2022\/11\/beton-300x167.png 300w\" sizes=\"auto, (max-width: 692px) 100vw, 692px\" \/><div class=\"wp-block-cover__inner-container is-layout-flow wp-block-cover-is-layout-flow\">\n<h2 class=\"has-text-align-center has-white-color has-text-color wp-block-heading\" id=\"nature\">Betony<\/h2>\n\n\n\n<div class=\"wp-block-buttons is-content-justification-center is-layout-flex wp-container-core-buttons-is-layout-16018d1d wp-block-buttons-is-layout-flex\">\n<div class=\"wp-block-button is-style-primary\"><a class=\"wp-block-button__link wp-element-button\" href=\"#beton\">Dowiedz si\u0119 wi\u0119cej<\/a><\/div>\n<\/div>\n<\/div><\/div>\n<\/div>\n<\/div><\/div>\n\n\n\n<div id=\"mma\"><\/div>\n\n\n\n<div id=\"wp-block-themeisle-blocks-advanced-columns-a2946a77\" class=\"wp-block-themeisle-blocks-advanced-columns alignfull has-1-columns has-desktop-equal-layout has-tablet-equal-layout has-mobile-collapsedRows-layout has-vertical-center ticss-a2946a77\"><div class=\"wp-block-themeisle-blocks-advanced-columns-overlay\"><\/div><div class=\"innerblocks-wrap\">\n<div id=\"wp-block-themeisle-blocks-advanced-column-92b2db05\" class=\"wp-block-themeisle-blocks-advanced-column\">\n<h2 id=\"wp-block-themeisle-blocks-advanced-heading-8f1f2647\" class=\"wp-block-themeisle-blocks-advanced-heading wp-block-themeisle-blocks-advanced-heading-8f1f2647\">Produkcja MMA<\/h2>\n\n\n\n<p class=\"has-nv-dark-bg-color has-text-color\">Beton asfaltowy na gor\u0105co na wszystkie warstwy konstrukcyjne nawierzchni:<br>&#8211; na warstw\u0119 podbudowy bitumicznej,<br>&#8211; na warstw\u0119 wyr\u00f3wnawcz\u0105,<br>&#8211; na warstw\u0119 wi\u0105\u017c\u0105c\u0105,<br>&#8211; na warstw\u0119 \u015bcieraln\u0105,<br>&#8211; na warstw\u0119 \u015bcieraln\u0105 SMA.<\/p>\n<\/div>\n<\/div><\/div>\n\n\n\n<div id=\"emulsje\"><\/div>\n\n\n\n<div id=\"wp-block-themeisle-blocks-advanced-columns-90f12081\" class=\"wp-block-themeisle-blocks-advanced-columns alignfull has-1-columns has-desktop-equal-layout has-tablet-equal-layout has-mobile-collapsedRows-layout has-vertical-center ticss-a2946a77\"><div class=\"wp-block-themeisle-blocks-advanced-columns-overlay\"><\/div><div class=\"innerblocks-wrap\">\n<div id=\"wp-block-themeisle-blocks-advanced-column-fb3eb42e\" class=\"wp-block-themeisle-blocks-advanced-column\">\n<h2 id=\"wp-block-themeisle-blocks-advanced-heading-bada400c\" class=\"wp-block-themeisle-blocks-advanced-heading wp-block-themeisle-blocks-advanced-heading-bada400c\">Kationowe emulsje asfaltowe<\/h2>\n\n\n\n<p class=\"has-nv-site-bg-color has-text-color\"><\/p>\n\n\n\n<p class=\"has-nv-site-bg-color has-text-color\">Odbi\u00f3r w\u0142asny z<strong>&nbsp;Zak\u0142adu Produkcji Pomocniczej w Koz\u0142owie (Koz\u0142owo 8A, 86-105 \u015awiecie)<\/strong><br>Istnieje r\u00f3wnie\u017c mo\u017cliwo\u015b\u0107 dowozu emulsji do wskazanej przez Pa\u0144stwa lokalizacji za dodatkow\u0105 op\u0142at\u0105.<\/p>\n\n\n\n<p class=\"has-nv-site-bg-color has-text-color\"><strong>ZALECANE ZASTOSOWANIE KATIONOWYCH EMULSJI ASFALTOWYCH:<\/strong><br><strong>C60B3 ZM &#8211;<\/strong>&nbsp;Do z\u0142\u0105czania warstw asfaltowych wykonanych z asfalt\u00f3w niemodyfikowanych<br><strong>C65B3 PU\/RC<\/strong>&nbsp;&#8211; Do powierzchniowych utrwale\u0144 i remont\u00f3w cz\u0105stkowych dr\u00f3g obci\u0105\u017conych ruchem KR1-KR4<br><strong>C69B3 PU<\/strong>&nbsp;&#8211; Do powierzchniowych utrwale\u0144 dr\u00f3g obci\u0105\u017conych ruchem KR1-KR4<br><strong>C69BP3 PU<\/strong>&nbsp;&#8211; Do powierzchniowych utrwale\u0144 dr\u00f3g obci\u0105\u017conych ruchem KR1-KR6<br><strong>C60B5 ZM<\/strong>&nbsp;&#8211; Do z\u0142\u0105czania wszystkich rodzaj\u00f3w warstw<br><strong>C60B5 R<\/strong>&nbsp;&#8211; Do recyklingu dr\u00f3g obci\u0105\u017conych ruchem KR1-KR6<\/p>\n<\/div>\n<\/div><\/div>\n\n\n\n<div id=\"beton\"><\/div>\n\n\n\n<div id=\"wp-block-themeisle-blocks-advanced-columns-809bedfe\" class=\"wp-block-themeisle-blocks-advanced-columns alignfull has-1-columns has-desktop-equal-layout has-tablet-equal-layout has-mobile-collapsedRows-layout has-vertical-center ticss-a2946a77\"><div class=\"wp-block-themeisle-blocks-advanced-columns-overlay\"><\/div><div class=\"innerblocks-wrap\">\n<div id=\"wp-block-themeisle-blocks-advanced-column-07dd9604\" class=\"wp-block-themeisle-blocks-advanced-column\">\n<h2 id=\"wp-block-themeisle-blocks-advanced-heading-f1d67f00\" class=\"wp-block-themeisle-blocks-advanced-heading wp-block-themeisle-blocks-advanced-heading-f1d67f00\">Betony<\/h2>\n\n\n\n<p>Oferujemy szerok\u0105 gam\u0119 mieszanek mineralno-cementowych.<br>Obecnie nasz asortyment obejmuje:<\/p>\n\n\n\n<div class=\"wp-block-group\"><div class=\"wp-block-group__inner-container is-layout-constrained wp-block-group-is-layout-constrained\">\n<figure class=\"wp-block-table is-style-regular\"><table><tbody><tr><td>Nazwa<\/td><td>Klasa \/ Wytrzyma\u0142o\u015b\u0107 na \u015bciskanie<\/td><td>Zastosowanie<\/td><\/tr><tr><td>Beton<\/td><td>B7,5<\/td><td>Podbudowy<\/td><\/tr><tr><td>&nbsp;Beton<\/td><td>B10 (C 8\/10)*<\/td><td>Podbudowy, \u0142awy pod kraw\u0119\u017cnik<\/td><\/tr><tr><td>&nbsp;Beton<\/td><td>B15 (C 12\/15)*<\/td><td>\u0141awy pod kraw\u0119\u017cnik, p\u0142yty fundamentowe, \u0142awy fundamentowe, umocnienie \u015bciek\u00f3w<\/td><\/tr><tr><td>&nbsp;Beton<\/td><td>B20 (C 16\/20)*<\/td><td>\u0141awy fundamentowe, podbudowy,<\/td><\/tr><tr><td>&nbsp;Beton<\/td><td>B25 (C 20\/25)*<\/td><td>\u015acianki i skrzyde\u0142ka przepust\u00f3w, mury oporowe<\/td><\/tr><tr><td>Chudy beton<\/td><td>Rm=(od 6 do 9)MPa<\/td><td>Podbudowy<\/td><\/tr><tr><td>Grunt stabilizowany cementem<\/td><td>Rm= 1,5&nbsp;MPa<\/td><td>Dolna warstwa ulepszonego pod\u0142o\u017ca gruntowego w przypadku posadowienia konstrukcji na pod\u0142o\u017cu z grunt\u00f3w wra\u017cliwych na dzia\u0142anie mrozu i wody, podbudowa chodnik\u00f3w i \u015bcie\u017cek rowerowych<\/td><\/tr><tr><td>&nbsp;Grunt stabilizowany cementem<\/td><td>Rm= 2,5&nbsp;MPa<\/td><td>G\u00f3rna cz\u0119\u015b\u0107 warstwy ulepszonego pod\u0142o\u017ca gruntowego przy ruchu KR 5 i 6 lub g\u00f3rna cz\u0119\u015b\u0107 warstwy ulepszenia s\u0142abego pod\u0142o\u017ca z grunt\u00f3w w\u0105tpliwych oraz&nbsp;wysadzinowych, podbudowa chodnik\u00f3w i \u015bcie\u017cek rowerowych<\/td><\/tr><tr><td>&nbsp;Grunt stabilizowany cementem<\/td><td>Rm= 5,0&nbsp;MPa<\/td><td>Podbudowa zasadnicza nawierzchni drogowej obci\u0105\u017conej ruchem KR1 lub podbudowa pomocnicza nawierzchni drogowej obci\u0105\u017conej ruchem kategorii KR od 2 do 6<\/td><\/tr><tr><td>Podsypka cementowo- piaskowa<\/td><td>&nbsp;<\/td><td>Podsypka pod kraw\u0119\u017cnik, obrze\u017ce chodnikowe, kostk\u0119 brukow\u0105 (betonow\u0105, kamienn\u0105)<\/td><\/tr><\/tbody><\/table><figcaption class=\"wp-element-caption\">* &#8211; nazwa wg normy PN-EN 206-1 Beton. Wymagania, w\u0142a\u015bciwo\u015bci, produkcja i zgodno\u015b\u0107.<\/figcaption><\/figure>\n\n\n\n<p><\/p>\n<\/div><\/div>\n<\/div>\n<\/div><\/div>\n","protected":false},"excerpt":{"rendered":"","protected":false},"author":1,"featured_media":0,"parent":0,"menu_order":0,"comment_status":"closed","ping_status":"closed","template":"page-templates\/template-pagebuilder-full-width.php","meta":{"neve_meta_sidebar":"","neve_meta_container":"","neve_meta_enable_content_width":"","neve_meta_content_width":0,"neve_meta_title_alignment":"","neve_meta_author_avatar":"","neve_post_elements_order":"","neve_meta_disable_header":"","neve_meta_disable_footer":"","neve_meta_disable_title":"","_themeisle_gutenberg_block_has_review":false,"footnotes":""},"class_list":["post-93","page","type-page","status-publish","hentry"],"yoast_head":"<!-- This site is optimized with the Yoast SEO plugin v27.5 - https:\/\/yoast.com\/product\/yoast-seo-wordpress\/ -->\n<title>Produkcja - PBDiM \u015awiecie<\/title>\n<meta name=\"robots\" content=\"index, follow, max-snippet:-1, max-image-preview:large, max-video-preview:-1\" \/>\n<link rel=\"canonical\" href=\"https:\/\/pbdim.pl\/?page_id=93\" \/>\n<meta property=\"og:locale\" content=\"pl_PL\" \/>\n<meta property=\"og:type\" content=\"article\" \/>\n<meta property=\"og:title\" content=\"Produkcja - PBDiM \u015awiecie\" \/>\n<meta property=\"og:url\" content=\"https:\/\/pbdim.pl\/?page_id=93\" \/>\n<meta property=\"og:site_name\" content=\"PBDiM \u015awiecie\" \/>\n<meta property=\"article:modified_time\" content=\"2022-11-15T10:09:50+00:00\" \/>\n<meta property=\"og:image\" content=\"https:\/\/strona.pbdim.pl\/wp-content\/uploads\/2022\/11\/mma.png\" \/>\n<meta name=\"twitter:card\" content=\"summary_large_image\" \/>\n<meta name=\"twitter:label1\" content=\"Szacowany czas czytania\" \/>\n\t<meta name=\"twitter:data1\" content=\"3 minuty\" \/>\n<script type=\"application\/ld+json\" class=\"yoast-schema-graph\">{\"@context\":\"https:\\\/\\\/schema.org\",\"@graph\":[{\"@type\":\"WebPage\",\"@id\":\"https:\\\/\\\/pbdim.pl\\\/?page_id=93\",\"url\":\"https:\\\/\\\/pbdim.pl\\\/?page_id=93\",\"name\":\"Produkcja - PBDiM \u015awiecie\",\"isPartOf\":{\"@id\":\"https:\\\/\\\/pbdim.pl\\\/#website\"},\"primaryImageOfPage\":{\"@id\":\"https:\\\/\\\/pbdim.pl\\\/?page_id=93#primaryimage\"},\"image\":{\"@id\":\"https:\\\/\\\/pbdim.pl\\\/?page_id=93#primaryimage\"},\"thumbnailUrl\":\"https:\\\/\\\/strona.pbdim.pl\\\/wp-content\\\/uploads\\\/2022\\\/11\\\/mma.png\",\"datePublished\":\"2022-03-05T14:39:47+00:00\",\"dateModified\":\"2022-11-15T10:09:50+00:00\",\"breadcrumb\":{\"@id\":\"https:\\\/\\\/pbdim.pl\\\/?page_id=93#breadcrumb\"},\"inLanguage\":\"pl-PL\",\"potentialAction\":[{\"@type\":\"ReadAction\",\"target\":[\"https:\\\/\\\/pbdim.pl\\\/?page_id=93\"]}]},{\"@type\":\"ImageObject\",\"inLanguage\":\"pl-PL\",\"@id\":\"https:\\\/\\\/pbdim.pl\\\/?page_id=93#primaryimage\",\"url\":\"https:\\\/\\\/strona.pbdim.pl\\\/wp-content\\\/uploads\\\/2022\\\/11\\\/mma.png\",\"contentUrl\":\"https:\\\/\\\/strona.pbdim.pl\\\/wp-content\\\/uploads\\\/2022\\\/11\\\/mma.png\"},{\"@type\":\"BreadcrumbList\",\"@id\":\"https:\\\/\\\/pbdim.pl\\\/?page_id=93#breadcrumb\",\"itemListElement\":[{\"@type\":\"ListItem\",\"position\":1,\"name\":\"Home\",\"item\":\"https:\\\/\\\/pbdim.pl\\\/\"},{\"@type\":\"ListItem\",\"position\":2,\"name\":\"Produkcja\"}]},{\"@type\":\"WebSite\",\"@id\":\"https:\\\/\\\/pbdim.pl\\\/#website\",\"url\":\"https:\\\/\\\/pbdim.pl\\\/\",\"name\":\"PBDiM \u015awiecie\",\"description\":\"Przedsi\u0119biorstwo Budowy Dr\u00f3g i Most\u00f3w \u015awiecie\",\"publisher\":{\"@id\":\"https:\\\/\\\/pbdim.pl\\\/#organization\"},\"potentialAction\":[{\"@type\":\"SearchAction\",\"target\":{\"@type\":\"EntryPoint\",\"urlTemplate\":\"https:\\\/\\\/pbdim.pl\\\/?s={search_term_string}\"},\"query-input\":{\"@type\":\"PropertyValueSpecification\",\"valueRequired\":true,\"valueName\":\"search_term_string\"}}],\"inLanguage\":\"pl-PL\"},{\"@type\":\"Organization\",\"@id\":\"https:\\\/\\\/pbdim.pl\\\/#organization\",\"name\":\"PBDiM \u015awiecie\",\"url\":\"https:\\\/\\\/pbdim.pl\\\/\",\"logo\":{\"@type\":\"ImageObject\",\"inLanguage\":\"pl-PL\",\"@id\":\"https:\\\/\\\/pbdim.pl\\\/#\\\/schema\\\/logo\\\/image\\\/\",\"url\":\"\",\"contentUrl\":\"\",\"caption\":\"PBDiM \u015awiecie\"},\"image\":{\"@id\":\"https:\\\/\\\/pbdim.pl\\\/#\\\/schema\\\/logo\\\/image\\\/\"}}]}<\/script>\n<!-- \/ Yoast SEO plugin. -->","yoast_head_json":{"title":"Produkcja - PBDiM \u015awiecie","robots":{"index":"index","follow":"follow","max-snippet":"max-snippet:-1","max-image-preview":"max-image-preview:large","max-video-preview":"max-video-preview:-1"},"canonical":"https:\/\/pbdim.pl\/?page_id=93","og_locale":"pl_PL","og_type":"article","og_title":"Produkcja - PBDiM \u015awiecie","og_url":"https:\/\/pbdim.pl\/?page_id=93","og_site_name":"PBDiM \u015awiecie","article_modified_time":"2022-11-15T10:09:50+00:00","og_image":[{"url":"https:\/\/strona.pbdim.pl\/wp-content\/uploads\/2022\/11\/mma.png","type":"","width":"","height":""}],"twitter_card":"summary_large_image","twitter_misc":{"Szacowany czas czytania":"3 minuty"},"schema":{"@context":"https:\/\/schema.org","@graph":[{"@type":"WebPage","@id":"https:\/\/pbdim.pl\/?page_id=93","url":"https:\/\/pbdim.pl\/?page_id=93","name":"Produkcja - PBDiM \u015awiecie","isPartOf":{"@id":"https:\/\/pbdim.pl\/#website"},"primaryImageOfPage":{"@id":"https:\/\/pbdim.pl\/?page_id=93#primaryimage"},"image":{"@id":"https:\/\/pbdim.pl\/?page_id=93#primaryimage"},"thumbnailUrl":"https:\/\/strona.pbdim.pl\/wp-content\/uploads\/2022\/11\/mma.png","datePublished":"2022-03-05T14:39:47+00:00","dateModified":"2022-11-15T10:09:50+00:00","breadcrumb":{"@id":"https:\/\/pbdim.pl\/?page_id=93#breadcrumb"},"inLanguage":"pl-PL","potentialAction":[{"@type":"ReadAction","target":["https:\/\/pbdim.pl\/?page_id=93"]}]},{"@type":"ImageObject","inLanguage":"pl-PL","@id":"https:\/\/pbdim.pl\/?page_id=93#primaryimage","url":"https:\/\/strona.pbdim.pl\/wp-content\/uploads\/2022\/11\/mma.png","contentUrl":"https:\/\/strona.pbdim.pl\/wp-content\/uploads\/2022\/11\/mma.png"},{"@type":"BreadcrumbList","@id":"https:\/\/pbdim.pl\/?page_id=93#breadcrumb","itemListElement":[{"@type":"ListItem","position":1,"name":"Home","item":"https:\/\/pbdim.pl\/"},{"@type":"ListItem","position":2,"name":"Produkcja"}]},{"@type":"WebSite","@id":"https:\/\/pbdim.pl\/#website","url":"https:\/\/pbdim.pl\/","name":"PBDiM \u015awiecie","description":"Przedsi\u0119biorstwo Budowy Dr\u00f3g i Most\u00f3w \u015awiecie","publisher":{"@id":"https:\/\/pbdim.pl\/#organization"},"potentialAction":[{"@type":"SearchAction","target":{"@type":"EntryPoint","urlTemplate":"https:\/\/pbdim.pl\/?s={search_term_string}"},"query-input":{"@type":"PropertyValueSpecification","valueRequired":true,"valueName":"search_term_string"}}],"inLanguage":"pl-PL"},{"@type":"Organization","@id":"https:\/\/pbdim.pl\/#organization","name":"PBDiM \u015awiecie","url":"https:\/\/pbdim.pl\/","logo":{"@type":"ImageObject","inLanguage":"pl-PL","@id":"https:\/\/pbdim.pl\/#\/schema\/logo\/image\/","url":"","contentUrl":"","caption":"PBDiM \u015awiecie"},"image":{"@id":"https:\/\/pbdim.pl\/#\/schema\/logo\/image\/"}}]}},"_links":{"self":[{"href":"https:\/\/pbdim.pl\/index.php?rest_route=\/wp\/v2\/pages\/93","targetHints":{"allow":["GET"]}}],"collection":[{"href":"https:\/\/pbdim.pl\/index.php?rest_route=\/wp\/v2\/pages"}],"about":[{"href":"https:\/\/pbdim.pl\/index.php?rest_route=\/wp\/v2\/types\/page"}],"author":[{"embeddable":true,"href":"https:\/\/pbdim.pl\/index.php?rest_route=\/wp\/v2\/users\/1"}],"replies":[{"embeddable":true,"href":"https:\/\/pbdim.pl\/index.php?rest_route=%2Fwp%2Fv2%2Fcomments&post=93"}],"version-history":[{"count":9,"href":"https:\/\/pbdim.pl\/index.php?rest_route=\/wp\/v2\/pages\/93\/revisions"}],"predecessor-version":[{"id":480,"href":"https:\/\/pbdim.pl\/index.php?rest_route=\/wp\/v2\/pages\/93\/revisions\/480"}],"wp:attachment":[{"href":"https:\/\/pbdim.pl\/index.php?rest_route=%2Fwp%2Fv2%2Fmedia&parent=93"}],"curies":[{"name":"wp","href":"https:\/\/api.w.org\/{rel}","templated":true}]}}