{"id":94,"date":"2022-03-05T15:39:47","date_gmt":"2022-03-05T14:39:47","guid":{"rendered":"https:\/\/strona.pbdim.pl\/?page_id=94"},"modified":"2022-11-09T14:27:15","modified_gmt":"2022-11-09T13:27:15","slug":"uslugi","status":"publish","type":"page","link":"https:\/\/pbdim.pl\/?page_id=94","title":{"rendered":"Us\u0142ugi"},"content":{"rendered":"\n<p><\/p>\n\n\n\n<div id=\"wp-block-themeisle-blocks-advanced-columns-784450ff\" class=\"wp-block-themeisle-blocks-advanced-columns alignfull has-1-columns has-desktop-equal-layout has-tablet-equal-layout has-mobile-collapsedRows-layout has-vertical-center ticss-c00aadba\"><div class=\"wp-block-themeisle-blocks-advanced-columns-overlay\"><\/div><div class=\"innerblocks-wrap\">\n<div id=\"wp-block-themeisle-blocks-advanced-column-d0fbfc0a\" class=\"wp-block-themeisle-blocks-advanced-column\">\n<div id=\"wp-block-themeisle-blocks-advanced-columns-f32a2609\" class=\"wp-block-themeisle-blocks-advanced-columns has-1-columns has-desktop-equal-layout has-tablet-equal-layout has-mobile-equal-layout has-vertical-center\"><div class=\"wp-block-themeisle-blocks-advanced-columns-overlay\"><\/div><div class=\"innerblocks-wrap\">\n<div id=\"wp-block-themeisle-blocks-advanced-column-3567d86b\" class=\"wp-block-themeisle-blocks-advanced-column\">\n<h2 id=\"wp-block-themeisle-blocks-advanced-heading-d5f71f32\" class=\"wp-block-themeisle-blocks-advanced-heading wp-block-themeisle-blocks-advanced-heading-d5f71f32\">Poznaj nasze us\u0142ugi<\/h2>\n\n\n\n<p class=\"has-text-align-center\">Szeroka gama sprz\u0119tu budowlanego oraz transportowego wraz z wysoko wykwalifikowan\u0105 i do\u015bwiadczon\u0105 kadr\u0105, pozwala nam na realizacj\u0119 wszelkich zada\u0144 drogowych zar\u00f3wno na potrzeby w\u0142asne jak i naszych klient\u00f3w. <\/p>\n\n\n\n<p class=\"has-text-align-center\">Nowoczesne wyposa\u017cenie laboratorium i kompetentny personel, zapewniaj\u0105 wysok\u0105 jako\u015b\u0107 zar\u00f3wno produkowanych przez nasz\u0105 firm\u0119 wyrob\u00f3w jak i wykonywanych rob\u00f3t drogowo &#8211; mostowych. W laboratorium opracowywane s\u0105 r\u00f3wnie\u017c recepty mieszanek mineralno-asfaltowych, beton\u00f3w, gruntu stabilizowanego cementem oraz emulsji.\u00a0Sp\u00f3\u0142ka \u015bwiadczy us\u0142ugi w zakresie wykonywania bada\u0144 laboratoryjnych.<\/p>\n<\/div>\n<\/div><\/div>\n\n\n\n<div id=\"wp-block-themeisle-blocks-advanced-columns-8085ff1f\" class=\"wp-block-themeisle-blocks-advanced-columns has-3-columns has-desktop-equal-layout has-tablet-equal-layout has-mobile-collapsedRows-layout has-vertical-top\"><div class=\"wp-block-themeisle-blocks-advanced-columns-overlay\"><\/div><div class=\"innerblocks-wrap\">\n<div id=\"wp-block-themeisle-blocks-advanced-column-dfb15c39\" class=\"wp-block-themeisle-blocks-advanced-column\">\n<div id=\"wp-block-themeisle-blocks-font-awesome-icons-c5fd27f1\" class=\"wp-block-themeisle-blocks-font-awesome-icons\"><span class=\"wp-block-themeisle-blocks-font-awesome-icons-container\"><i class=\"fas fa-angle-right\"><\/i><\/span><\/div>\n\n\n\n<h3 id=\"wp-block-themeisle-blocks-advanced-heading-3147d135\" class=\"wp-block-themeisle-blocks-advanced-heading wp-block-themeisle-blocks-advanced-heading-3147d135\">Prace ziemne<\/h3>\n<\/div>\n\n\n\n<div id=\"wp-block-themeisle-blocks-advanced-column-ec09b220\" class=\"wp-block-themeisle-blocks-advanced-column ticss-ec09b220\">\n<div id=\"wp-block-themeisle-blocks-font-awesome-icons-1225333d\" class=\"wp-block-themeisle-blocks-font-awesome-icons\"><span class=\"wp-block-themeisle-blocks-font-awesome-icons-container\"><i class=\"fas fa-angle-right\"><\/i><\/span><\/div>\n\n\n\n<h3 id=\"wp-block-themeisle-blocks-advanced-heading-869a9c1f\" class=\"wp-block-themeisle-blocks-advanced-heading wp-block-themeisle-blocks-advanced-heading-869a9c1f\">Prace drogowe<\/h3>\n<\/div>\n\n\n\n<div id=\"wp-block-themeisle-blocks-advanced-column-adbc5601\" class=\"wp-block-themeisle-blocks-advanced-column\">\n<div id=\"wp-block-themeisle-blocks-font-awesome-icons-2851bd4e\" class=\"wp-block-themeisle-blocks-font-awesome-icons\"><span class=\"wp-block-themeisle-blocks-font-awesome-icons-container\"><i class=\"fas fa-angle-right\"><\/i><\/span><\/div>\n\n\n\n<h3 id=\"wp-block-themeisle-blocks-advanced-heading-bacc3ab4\" class=\"wp-block-themeisle-blocks-advanced-heading wp-block-themeisle-blocks-advanced-heading-bacc3ab4\">Transport<\/h3>\n<\/div>\n<\/div><\/div>\n<\/div>\n<\/div><\/div>\n","protected":false},"excerpt":{"rendered":"","protected":false},"author":1,"featured_media":0,"parent":0,"menu_order":0,"comment_status":"closed","ping_status":"closed","template":"page-templates\/template-pagebuilder-full-width.php","meta":{"neve_meta_sidebar":"","neve_meta_container":"","neve_meta_enable_content_width":"","neve_meta_content_width":0,"neve_meta_title_alignment":"","neve_meta_author_avatar":"","neve_post_elements_order":"","neve_meta_disable_header":"","neve_meta_disable_footer":"","neve_meta_disable_title":"","_themeisle_gutenberg_block_has_review":false,"footnotes":""},"class_list":["post-94","page","type-page","status-publish","hentry"],"yoast_head":"<!-- This site is optimized with the Yoast SEO plugin v27.5 - https:\/\/yoast.com\/product\/yoast-seo-wordpress\/ -->\n<title>Us\u0142ugi - PBDiM \u015awiecie<\/title>\n<meta name=\"robots\" content=\"index, follow, max-snippet:-1, max-image-preview:large, max-video-preview:-1\" \/>\n<link rel=\"canonical\" href=\"https:\/\/pbdim.pl\/?page_id=94\" \/>\n<meta property=\"og:locale\" content=\"pl_PL\" \/>\n<meta property=\"og:type\" content=\"article\" \/>\n<meta property=\"og:title\" content=\"Us\u0142ugi - PBDiM \u015awiecie\" \/>\n<meta property=\"og:url\" content=\"https:\/\/pbdim.pl\/?page_id=94\" \/>\n<meta property=\"og:site_name\" content=\"PBDiM \u015awiecie\" \/>\n<meta property=\"article:modified_time\" content=\"2022-11-09T13:27:15+00:00\" \/>\n<meta name=\"twitter:card\" content=\"summary_large_image\" \/>\n<meta name=\"twitter:label1\" content=\"Szacowany czas czytania\" \/>\n\t<meta name=\"twitter:data1\" content=\"1 minuta\" \/>\n<script type=\"application\/ld+json\" class=\"yoast-schema-graph\">{\"@context\":\"https:\\\/\\\/schema.org\",\"@graph\":[{\"@type\":\"WebPage\",\"@id\":\"https:\\\/\\\/pbdim.pl\\\/?page_id=94\",\"url\":\"https:\\\/\\\/pbdim.pl\\\/?page_id=94\",\"name\":\"Us\u0142ugi - PBDiM \u015awiecie\",\"isPartOf\":{\"@id\":\"https:\\\/\\\/pbdim.pl\\\/#website\"},\"datePublished\":\"2022-03-05T14:39:47+00:00\",\"dateModified\":\"2022-11-09T13:27:15+00:00\",\"breadcrumb\":{\"@id\":\"https:\\\/\\\/pbdim.pl\\\/?page_id=94#breadcrumb\"},\"inLanguage\":\"pl-PL\",\"potentialAction\":[{\"@type\":\"ReadAction\",\"target\":[\"https:\\\/\\\/pbdim.pl\\\/?page_id=94\"]}]},{\"@type\":\"BreadcrumbList\",\"@id\":\"https:\\\/\\\/pbdim.pl\\\/?page_id=94#breadcrumb\",\"itemListElement\":[{\"@type\":\"ListItem\",\"position\":1,\"name\":\"Home\",\"item\":\"https:\\\/\\\/pbdim.pl\\\/\"},{\"@type\":\"ListItem\",\"position\":2,\"name\":\"Us\u0142ugi\"}]},{\"@type\":\"WebSite\",\"@id\":\"https:\\\/\\\/pbdim.pl\\\/#website\",\"url\":\"https:\\\/\\\/pbdim.pl\\\/\",\"name\":\"PBDiM \u015awiecie\",\"description\":\"Przedsi\u0119biorstwo Budowy Dr\u00f3g i Most\u00f3w \u015awiecie\",\"publisher\":{\"@id\":\"https:\\\/\\\/pbdim.pl\\\/#organization\"},\"potentialAction\":[{\"@type\":\"SearchAction\",\"target\":{\"@type\":\"EntryPoint\",\"urlTemplate\":\"https:\\\/\\\/pbdim.pl\\\/?s={search_term_string}\"},\"query-input\":{\"@type\":\"PropertyValueSpecification\",\"valueRequired\":true,\"valueName\":\"search_term_string\"}}],\"inLanguage\":\"pl-PL\"},{\"@type\":\"Organization\",\"@id\":\"https:\\\/\\\/pbdim.pl\\\/#organization\",\"name\":\"PBDiM \u015awiecie\",\"url\":\"https:\\\/\\\/pbdim.pl\\\/\",\"logo\":{\"@type\":\"ImageObject\",\"inLanguage\":\"pl-PL\",\"@id\":\"https:\\\/\\\/pbdim.pl\\\/#\\\/schema\\\/logo\\\/image\\\/\",\"url\":\"\",\"contentUrl\":\"\",\"caption\":\"PBDiM \u015awiecie\"},\"image\":{\"@id\":\"https:\\\/\\\/pbdim.pl\\\/#\\\/schema\\\/logo\\\/image\\\/\"}}]}<\/script>\n<!-- \/ Yoast SEO plugin. -->","yoast_head_json":{"title":"Us\u0142ugi - PBDiM \u015awiecie","robots":{"index":"index","follow":"follow","max-snippet":"max-snippet:-1","max-image-preview":"max-image-preview:large","max-video-preview":"max-video-preview:-1"},"canonical":"https:\/\/pbdim.pl\/?page_id=94","og_locale":"pl_PL","og_type":"article","og_title":"Us\u0142ugi - PBDiM \u015awiecie","og_url":"https:\/\/pbdim.pl\/?page_id=94","og_site_name":"PBDiM \u015awiecie","article_modified_time":"2022-11-09T13:27:15+00:00","twitter_card":"summary_large_image","twitter_misc":{"Szacowany czas czytania":"1 minuta"},"schema":{"@context":"https:\/\/schema.org","@graph":[{"@type":"WebPage","@id":"https:\/\/pbdim.pl\/?page_id=94","url":"https:\/\/pbdim.pl\/?page_id=94","name":"Us\u0142ugi - PBDiM \u015awiecie","isPartOf":{"@id":"https:\/\/pbdim.pl\/#website"},"datePublished":"2022-03-05T14:39:47+00:00","dateModified":"2022-11-09T13:27:15+00:00","breadcrumb":{"@id":"https:\/\/pbdim.pl\/?page_id=94#breadcrumb"},"inLanguage":"pl-PL","potentialAction":[{"@type":"ReadAction","target":["https:\/\/pbdim.pl\/?page_id=94"]}]},{"@type":"BreadcrumbList","@id":"https:\/\/pbdim.pl\/?page_id=94#breadcrumb","itemListElement":[{"@type":"ListItem","position":1,"name":"Home","item":"https:\/\/pbdim.pl\/"},{"@type":"ListItem","position":2,"name":"Us\u0142ugi"}]},{"@type":"WebSite","@id":"https:\/\/pbdim.pl\/#website","url":"https:\/\/pbdim.pl\/","name":"PBDiM \u015awiecie","description":"Przedsi\u0119biorstwo Budowy Dr\u00f3g i Most\u00f3w \u015awiecie","publisher":{"@id":"https:\/\/pbdim.pl\/#organization"},"potentialAction":[{"@type":"SearchAction","target":{"@type":"EntryPoint","urlTemplate":"https:\/\/pbdim.pl\/?s={search_term_string}"},"query-input":{"@type":"PropertyValueSpecification","valueRequired":true,"valueName":"search_term_string"}}],"inLanguage":"pl-PL"},{"@type":"Organization","@id":"https:\/\/pbdim.pl\/#organization","name":"PBDiM \u015awiecie","url":"https:\/\/pbdim.pl\/","logo":{"@type":"ImageObject","inLanguage":"pl-PL","@id":"https:\/\/pbdim.pl\/#\/schema\/logo\/image\/","url":"","contentUrl":"","caption":"PBDiM \u015awiecie"},"image":{"@id":"https:\/\/pbdim.pl\/#\/schema\/logo\/image\/"}}]}},"_links":{"self":[{"href":"https:\/\/pbdim.pl\/index.php?rest_route=\/wp\/v2\/pages\/94","targetHints":{"allow":["GET"]}}],"collection":[{"href":"https:\/\/pbdim.pl\/index.php?rest_route=\/wp\/v2\/pages"}],"about":[{"href":"https:\/\/pbdim.pl\/index.php?rest_route=\/wp\/v2\/types\/page"}],"author":[{"embeddable":true,"href":"https:\/\/pbdim.pl\/index.php?rest_route=\/wp\/v2\/users\/1"}],"replies":[{"embeddable":true,"href":"https:\/\/pbdim.pl\/index.php?rest_route=%2Fwp%2Fv2%2Fcomments&post=94"}],"version-history":[{"count":2,"href":"https:\/\/pbdim.pl\/index.php?rest_route=\/wp\/v2\/pages\/94\/revisions"}],"predecessor-version":[{"id":437,"href":"https:\/\/pbdim.pl\/index.php?rest_route=\/wp\/v2\/pages\/94\/revisions\/437"}],"wp:attachment":[{"href":"https:\/\/pbdim.pl\/index.php?rest_route=%2Fwp%2Fv2%2Fmedia&parent=94"}],"curies":[{"name":"wp","href":"https:\/\/api.w.org\/{rel}","templated":true}]}}